{"id":177,"date":"2024-05-08T14:20:59","date_gmt":"2024-05-08T18:20:59","guid":{"rendered":"https:\/\/stvincent.swlauriersb.vortexdev.com\/our-school-about-us\/"},"modified":"2024-05-30T13:04:12","modified_gmt":"2024-05-30T17:04:12","slug":"notre-ecole-a-propos","status":"publish","type":"page","link":"https:\/\/stvincent.swlauriersb.vortexdev.com\/fr\/notre-ecole-a-propos\/","title":{"rendered":"Notre \u00e9cole \/ \u00e0 propos"},"content":{"rendered":"\n<p>Nous sommes une \u00e9cole primaire anglophone faisant partie de la Commission scolaire Sir-Wilfrid-Laurier. Nous \u00e9duquons les \u00e9l\u00e8ves, de la maternelle 4 ans au 3<sup>e<\/sup> cycle (de la 1re \u00e0 la 6e ann\u00e9e). SVES a deux centres diff\u00e9rents. Le centre de Saint-Jacques accueille des \u00e9l\u00e8ves de la maternelle 4 ans \u00e0 la 2e ann\u00e9e. Le centre de la Concorde accueille des \u00e9l\u00e8ves de la 3e \u00e0 la 6e ann\u00e9e. Le transport et le service de garde sont organis\u00e9s pour tous les \u00e9l\u00e8ves du SVES, peu importe le centre qu\u2019ils fr\u00e9quentent.<\/p>\n\n\n\n<h2 class=\"wp-block-heading\">Projet \u00e9ducatif SVES<\/h2>\n\n\n\n<h2 class=\"wp-block-heading\">Programmes offerts<\/h2>\n\n\n\n<ul>\n<li>Programme \u00e9ducatif pr\u00e9scolaire&nbsp;: 50% anglais, 50% fran\u00e7ais<\/li>\n\n\n\n<li>1<sup>er<\/sup>, 2<sup>e<\/sup> et 3<sup>e<\/sup> Cycle&nbsp;: 54&nbsp;% en anglais, 46&nbsp;% en fran\u00e7ais<\/li>\n<\/ul>\n\n\n\n<p><strong>Mati\u00e8res enseign\u00e9es en anglais<\/strong><\/p>\n\n\n\n<ul>\n<li>English Language Arts<\/li>\n\n\n\n<li>Math\u00e9matiques<\/li>\n\n\n\n<li>Sciences et technologie<\/li>\n<\/ul>\n\n\n\n<p><strong>Mati\u00e8res enseign\u00e9es en fran\u00e7ais<\/strong><\/p>\n\n\n\n<ul>\n<li>Fran\u00e7ais &#8211; programme d\u2019immersion<\/li>\n\n\n\n<li>\u00c9ducation physique et sant\u00e9<\/li>\n\n\n\n<li>\u00c9thique et culture religieuse<\/li>\n\n\n\n<li>Musique et projet piano \u00e0 la maison<\/li>\n\n\n\n<li>Arts plastiques<\/li>\n\n\n\n<li>G\u00e9ographie, histoire et \u00e9ducation \u00e0 la citoyennet\u00e9<\/li>\n<\/ul>\n","protected":false},"excerpt":{"rendered":"<p>Nous sommes une \u00e9cole primaire anglophone faisant partie de la Commission scolaire Sir-Wilfrid-Laurier. Nous \u00e9duquons les \u00e9l\u00e8ves, de la maternelle 4 ans au 3e cycle (de la 1re \u00e0 la 6e ann\u00e9e). SVES a deux centres diff\u00e9rents. Le centre de Saint-Jacques accueille des \u00e9l\u00e8ves de la maternelle 4 ans \u00e0 la 2e ann\u00e9e. Le centre&hellip;<\/p>\n","protected":false},"author":1,"featured_media":0,"parent":0,"menu_order":0,"comment_status":"closed","ping_status":"closed","template":"","meta":{"_acf_changed":false,"_relevanssi_hide_post":"","_relevanssi_hide_content":"","_relevanssi_pin_for_all":"","_relevanssi_pin_keywords":"","_relevanssi_unpin_keywords":"","_relevanssi_related_keywords":"","_relevanssi_related_include_ids":"","_relevanssi_related_exclude_ids":"","_relevanssi_related_no_append":"","_relevanssi_related_not_related":"","_relevanssi_related_posts":"","_relevanssi_noindex_reason":"","footnotes":""},"acf":[],"_links":{"self":[{"href":"https:\/\/stvincent.swlauriersb.vortexdev.com\/fr\/wp-json\/wp\/v2\/pages\/177"}],"collection":[{"href":"https:\/\/stvincent.swlauriersb.vortexdev.com\/fr\/wp-json\/wp\/v2\/pages"}],"about":[{"href":"https:\/\/stvincent.swlauriersb.vortexdev.com\/fr\/wp-json\/wp\/v2\/types\/page"}],"author":[{"embeddable":true,"href":"https:\/\/stvincent.swlauriersb.vortexdev.com\/fr\/wp-json\/wp\/v2\/users\/1"}],"replies":[{"embeddable":true,"href":"https:\/\/stvincent.swlauriersb.vortexdev.com\/fr\/wp-json\/wp\/v2\/comments?post=177"}],"version-history":[{"count":3,"href":"https:\/\/stvincent.swlauriersb.vortexdev.com\/fr\/wp-json\/wp\/v2\/pages\/177\/revisions"}],"predecessor-version":[{"id":325,"href":"https:\/\/stvincent.swlauriersb.vortexdev.com\/fr\/wp-json\/wp\/v2\/pages\/177\/revisions\/325"}],"wp:attachment":[{"href":"https:\/\/stvincent.swlauriersb.vortexdev.com\/fr\/wp-json\/wp\/v2\/media?parent=177"}],"curies":[{"name":"wp","href":"https:\/\/api.w.org\/{rel}","templated":true}]}}