{"id":176,"date":"2024-05-08T14:21:24","date_gmt":"2024-05-08T18:21:24","guid":{"rendered":"https:\/\/stvincent.swlauriersb.vortexdev.com\/principals-message\/"},"modified":"2024-05-30T13:04:22","modified_gmt":"2024-05-30T17:04:22","slug":"message-de-la-direction","status":"publish","type":"page","link":"https:\/\/stvincent.swlauriersb.vortexdev.com\/fr\/notre-ecole-a-propos\/message-de-la-direction\/","title":{"rendered":"Message de la direction"},"content":{"rendered":"\n<h2 class=\"wp-block-heading\">Message de Mme Vaughan<\/h2>\n\n\n\n<p>Ch\u00e8res familles,<\/p>\n\n\n\n<p>\u00c0 l\u2019\u00e9cole primaire Saint-Vincent, nous croyons que la r\u00e9ussite des \u00e9l\u00e8ves est une responsabilit\u00e9 collective. C\u2019est un partenariat qui engage activement l\u2019enfant, l\u2019\u00e9cole et le foyer. Nous travaillons pour aider les \u00e9l\u00e8ves \u00e0 atteindre leur plein potentiel et leur inculquer un amour de l\u2019apprentissage tout au long de leur vie. L\u2019\u00e9cole primaire Saint-Vincent offre un environnement d\u2019apprentissage positif et coop\u00e9ratif, o\u00f9 la famille de notre \u00e9cole favorise le respect, la responsabilit\u00e9 et la s\u00e9curit\u00e9.<\/p>\n\n\n\n<p>Nous attendons avec impatience un parcours acad\u00e9mique enrichissant ensemble. N\u2019h\u00e9sitez pas \u00e0 communiquer avec nous si vous avez des questions ou si vous avez besoin de soutien. Ensemble, nous continuerons de favoriser un environnement stimulant et inspirant \u00e0 l\u2019\u00e9cole primaire Saint-Vincent.<\/p>\n\n\n\n<p><strong>Mme Vaughan<\/strong><br>Directrice<\/p>\n","protected":false},"excerpt":{"rendered":"<p>Message de Mme Vaughan Ch\u00e8res familles, \u00c0 l\u2019\u00e9cole primaire Saint-Vincent, nous croyons que la r\u00e9ussite des \u00e9l\u00e8ves est une responsabilit\u00e9 collective. C\u2019est un partenariat qui engage activement l\u2019enfant, l\u2019\u00e9cole et le foyer. Nous travaillons pour aider les \u00e9l\u00e8ves \u00e0 atteindre leur plein potentiel et leur inculquer un amour de l\u2019apprentissage tout au long de leur&hellip;<\/p>\n","protected":false},"author":1,"featured_media":0,"parent":177,"menu_order":0,"comment_status":"closed","ping_status":"closed","template":"","meta":{"_acf_changed":false,"_relevanssi_hide_post":"","_relevanssi_hide_content":"","_relevanssi_pin_for_all":"","_relevanssi_pin_keywords":"","_relevanssi_unpin_keywords":"","_relevanssi_related_keywords":"","_relevanssi_related_include_ids":"","_relevanssi_related_exclude_ids":"","_relevanssi_related_no_append":"","_relevanssi_related_not_related":"","_relevanssi_related_posts":"","_relevanssi_noindex_reason":"","footnotes":""},"acf":[],"_links":{"self":[{"href":"https:\/\/stvincent.swlauriersb.vortexdev.com\/fr\/wp-json\/wp\/v2\/pages\/176"}],"collection":[{"href":"https:\/\/stvincent.swlauriersb.vortexdev.com\/fr\/wp-json\/wp\/v2\/pages"}],"about":[{"href":"https:\/\/stvincent.swlauriersb.vortexdev.com\/fr\/wp-json\/wp\/v2\/types\/page"}],"author":[{"embeddable":true,"href":"https:\/\/stvincent.swlauriersb.vortexdev.com\/fr\/wp-json\/wp\/v2\/users\/1"}],"replies":[{"embeddable":true,"href":"https:\/\/stvincent.swlauriersb.vortexdev.com\/fr\/wp-json\/wp\/v2\/comments?post=176"}],"version-history":[{"count":2,"href":"https:\/\/stvincent.swlauriersb.vortexdev.com\/fr\/wp-json\/wp\/v2\/pages\/176\/revisions"}],"predecessor-version":[{"id":302,"href":"https:\/\/stvincent.swlauriersb.vortexdev.com\/fr\/wp-json\/wp\/v2\/pages\/176\/revisions\/302"}],"up":[{"embeddable":true,"href":"https:\/\/stvincent.swlauriersb.vortexdev.com\/fr\/wp-json\/wp\/v2\/pages\/177"}],"wp:attachment":[{"href":"https:\/\/stvincent.swlauriersb.vortexdev.com\/fr\/wp-json\/wp\/v2\/media?parent=176"}],"curies":[{"name":"wp","href":"https:\/\/api.w.org\/{rel}","templated":true}]}}