{"id":174,"date":"2024-05-08T14:26:06","date_gmt":"2024-05-08T18:26:06","guid":{"rendered":"https:\/\/stvincent.swlauriersb.vortexdev.com\/registration\/"},"modified":"2024-05-30T13:04:18","modified_gmt":"2024-05-30T17:04:18","slug":"inscription","status":"publish","type":"page","link":"https:\/\/stvincent.swlauriersb.vortexdev.com\/fr\/notre-ecole-a-propos\/inscription\/","title":{"rendered":"Inscription"},"content":{"rendered":"\n<h2 class=\"wp-block-heading\">Inscrivez votre enfant \u00e0 SVES<\/h2>\n\n\n\n<p>Les inscriptions sont en cours, mais la p\u00e9riode d\u2019inscription officielle est de la fin janvier \u00e0 la fin f\u00e9vrier. Veuillez communiquer avec la secr\u00e9taire de l\u2019\u00e9cole, Mme Liana Mikhael, au 450\u00a0680\u20113056, poste 7515, pour prendre rendez-vous afin d\u2019inscrire un nouvel \u00e9l\u00e8ve. Il est important d\u2019avoir tous les documents requis au moment de l\u2019inscription.<\/p>\n\n\n\n<p><strong>Documents requis pour inscrire votre enfant&nbsp;:<\/strong><strong><\/strong><\/p>\n\n\n\n<ul>\n<li>La version longue originale du certificat de naissance de l\u2019enfant portant le nom des parents<\/li>\n\n\n\n<li>Une preuve de la citoyennet\u00e9 canadienne des parents<\/li>\n\n\n\n<li>Deux preuves de r\u00e9sidence au Qu\u00e9bec (p. ex., re\u00e7u d\u2019imp\u00f4t, facture de services publics, etc.)<\/li>\n\n\n\n<li>Dernier bulletin scolaire de l\u2019enfant s\u2019il a fr\u00e9quent\u00e9 une \u00e9cole l\u2019ann\u00e9e pr\u00e9c\u00e9dente<\/li>\n\n\n\n<li>La demande de certificat d\u2019admissibilit\u00e9 \u00e0 l\u2019\u00e9ducation en anglais sera remplie \u00e0 l\u2019\u00e9cole pendant votre rendez-vous<\/li>\n\n\n\n<li>Certaines \u00e9coles peuvent exiger d\u2019autres documents<\/li>\n<\/ul>\n\n\n\n<p>Pour s\u2019inscrire \u00e0 la maternelle 4 ans, votre enfant doit \u00eatre \u00e2g\u00e9 de 4 ans au plus tard le 30&nbsp;septembre. Pour s\u2019inscrire \u00e0 maternelle 5 and, votre enfant doit \u00eatre \u00e2g\u00e9 de 5 ans au plus tard le 30&nbsp;septembre.<\/p>\n","protected":false},"excerpt":{"rendered":"<p>Inscrivez votre enfant \u00e0 SVES Les inscriptions sont en cours, mais la p\u00e9riode d\u2019inscription officielle est de la fin janvier \u00e0 la fin f\u00e9vrier. Veuillez communiquer avec la secr\u00e9taire de l\u2019\u00e9cole, Mme Liana Mikhael, au 450\u00a0680\u20113056, poste 7515, pour prendre rendez-vous afin d\u2019inscrire un nouvel \u00e9l\u00e8ve. Il est important d\u2019avoir tous les documents requis au&hellip;<\/p>\n","protected":false},"author":1,"featured_media":0,"parent":177,"menu_order":0,"comment_status":"closed","ping_status":"closed","template":"","meta":{"_acf_changed":false,"_relevanssi_hide_post":"","_relevanssi_hide_content":"","_relevanssi_pin_for_all":"","_relevanssi_pin_keywords":"","_relevanssi_unpin_keywords":"","_relevanssi_related_keywords":"","_relevanssi_related_include_ids":"","_relevanssi_related_exclude_ids":"","_relevanssi_related_no_append":"","_relevanssi_related_not_related":"","_relevanssi_related_posts":"","_relevanssi_noindex_reason":"","footnotes":""},"acf":[],"_links":{"self":[{"href":"https:\/\/stvincent.swlauriersb.vortexdev.com\/fr\/wp-json\/wp\/v2\/pages\/174"}],"collection":[{"href":"https:\/\/stvincent.swlauriersb.vortexdev.com\/fr\/wp-json\/wp\/v2\/pages"}],"about":[{"href":"https:\/\/stvincent.swlauriersb.vortexdev.com\/fr\/wp-json\/wp\/v2\/types\/page"}],"author":[{"embeddable":true,"href":"https:\/\/stvincent.swlauriersb.vortexdev.com\/fr\/wp-json\/wp\/v2\/users\/1"}],"replies":[{"embeddable":true,"href":"https:\/\/stvincent.swlauriersb.vortexdev.com\/fr\/wp-json\/wp\/v2\/comments?post=174"}],"version-history":[{"count":2,"href":"https:\/\/stvincent.swlauriersb.vortexdev.com\/fr\/wp-json\/wp\/v2\/pages\/174\/revisions"}],"predecessor-version":[{"id":303,"href":"https:\/\/stvincent.swlauriersb.vortexdev.com\/fr\/wp-json\/wp\/v2\/pages\/174\/revisions\/303"}],"up":[{"embeddable":true,"href":"https:\/\/stvincent.swlauriersb.vortexdev.com\/fr\/wp-json\/wp\/v2\/pages\/177"}],"wp:attachment":[{"href":"https:\/\/stvincent.swlauriersb.vortexdev.com\/fr\/wp-json\/wp\/v2\/media?parent=174"}],"curies":[{"name":"wp","href":"https:\/\/api.w.org\/{rel}","templated":true}]}}