{"id":171,"date":"2024-05-08T14:27:05","date_gmt":"2024-05-08T18:27:05","guid":{"rendered":"https:\/\/stvincent.swlauriersb.vortexdev.com\/parent-resources\/"},"modified":"2024-05-30T13:04:05","modified_gmt":"2024-05-30T17:04:05","slug":"ressources-pour-les-parents","status":"publish","type":"page","link":"https:\/\/stvincent.swlauriersb.vortexdev.com\/fr\/informations-pour-les-parents\/ressources-pour-les-parents\/","title":{"rendered":"Ressources pour les parents"},"content":{"rendered":"\n<h2 class=\"wp-block-heading\">Soutenir la lecture \u00e0 domicile<\/h2>\n\n\n\n<p>Ce document vous propose des fa\u00e7ons d\u2019int\u00e9grer l\u2019apprentissage dans la vie quotidienne.\u00a0 Il est important que les enfants aient de nombreuses occasions de pratiquer leurs comp\u00e9tences en langage oral (\u00e9couter et parler) comme point de d\u00e9part de leur alphab\u00e9tisation de base.\u00a0 Leur permettre de mettre en pratique leurs comp\u00e9tences les aidera \u00e0 d\u00e9velopper leur aisance \u00e0 lire (afin qu\u2019ils lisent \u00e0 haute voix en douceur et non en robotique).\u00a0 Les enfants b\u00e9n\u00e9ficient d\u2019entendre les autres lire \u00e0 haute voix couramment (par exemple, avec un lecteur courant \u00e0 la maison, dans un livre audio).<\/p>\n\n\n\n<h2 class=\"wp-block-heading\">LEARN Qu\u00e9bec<\/h2>\n\n\n\n<p>LEARN favorise la r\u00e9ussite de votre enfant gr\u00e2ce \u00e0 Family Engagement\u00a0: LEARN valorise les partenariats solides famille-\u00e9cole pour pr\u00e9parer les \u00e9l\u00e8ves \u00e0 une vie r\u00e9ussie.\u00a0 Gr\u00e2ce \u00e0 leurs ressources et \u00e0 leur soutien d\u00e9vou\u00e9s, la confiance, la motivation et la r\u00e9ussite scolaire de votre enfant s\u2019envoleront vers un avenir prometteur.<\/p>\n\n\n\n<p><a href=\"https:\/\/learnquebec.ca\/\">https:\/\/learnquebec.ca\/<\/a><\/p>\n","protected":false},"excerpt":{"rendered":"<p>Soutenir la lecture \u00e0 domicile Ce document vous propose des fa\u00e7ons d\u2019int\u00e9grer l\u2019apprentissage dans la vie quotidienne.\u00a0 Il est important que les enfants aient de nombreuses occasions de pratiquer leurs comp\u00e9tences en langage oral (\u00e9couter et parler) comme point de d\u00e9part de leur alphab\u00e9tisation de base.\u00a0 Leur permettre de mettre en pratique leurs comp\u00e9tences les&hellip;<\/p>\n","protected":false},"author":1,"featured_media":0,"parent":173,"menu_order":0,"comment_status":"closed","ping_status":"closed","template":"","meta":{"_acf_changed":false,"_relevanssi_hide_post":"","_relevanssi_hide_content":"","_relevanssi_pin_for_all":"","_relevanssi_pin_keywords":"","_relevanssi_unpin_keywords":"","_relevanssi_related_keywords":"","_relevanssi_related_include_ids":"","_relevanssi_related_exclude_ids":"","_relevanssi_related_no_append":"","_relevanssi_related_not_related":"","_relevanssi_related_posts":"","_relevanssi_noindex_reason":"","footnotes":""},"acf":[],"_links":{"self":[{"href":"https:\/\/stvincent.swlauriersb.vortexdev.com\/fr\/wp-json\/wp\/v2\/pages\/171"}],"collection":[{"href":"https:\/\/stvincent.swlauriersb.vortexdev.com\/fr\/wp-json\/wp\/v2\/pages"}],"about":[{"href":"https:\/\/stvincent.swlauriersb.vortexdev.com\/fr\/wp-json\/wp\/v2\/types\/page"}],"author":[{"embeddable":true,"href":"https:\/\/stvincent.swlauriersb.vortexdev.com\/fr\/wp-json\/wp\/v2\/users\/1"}],"replies":[{"embeddable":true,"href":"https:\/\/stvincent.swlauriersb.vortexdev.com\/fr\/wp-json\/wp\/v2\/comments?post=171"}],"version-history":[{"count":2,"href":"https:\/\/stvincent.swlauriersb.vortexdev.com\/fr\/wp-json\/wp\/v2\/pages\/171\/revisions"}],"predecessor-version":[{"id":310,"href":"https:\/\/stvincent.swlauriersb.vortexdev.com\/fr\/wp-json\/wp\/v2\/pages\/171\/revisions\/310"}],"up":[{"embeddable":true,"href":"https:\/\/stvincent.swlauriersb.vortexdev.com\/fr\/wp-json\/wp\/v2\/pages\/173"}],"wp:attachment":[{"href":"https:\/\/stvincent.swlauriersb.vortexdev.com\/fr\/wp-json\/wp\/v2\/media?parent=171"}],"curies":[{"name":"wp","href":"https:\/\/api.w.org\/{rel}","templated":true}]}}