{"id":170,"date":"2024-05-08T14:27:26","date_gmt":"2024-05-08T18:27:26","guid":{"rendered":"https:\/\/stvincent.swlauriersb.vortexdev.com\/ppo-home-school\/"},"modified":"2024-05-30T13:04:00","modified_gmt":"2024-05-30T17:04:00","slug":"home-school","status":"publish","type":"page","link":"https:\/\/stvincent.swlauriersb.vortexdev.com\/fr\/informations-pour-les-parents\/home-school\/","title":{"rendered":"Home &#038; School"},"content":{"rendered":"\n<h2 class=\"wp-block-heading\">Home &amp; School au SVES<\/h2>\n\n\n\n<p>L\u2019organisation Home &amp; School est un groupe de parents d\u00e9vou\u00e9s qui s\u2019engagent \u00e0 aider et \u00e0 enrichir notre vie scolaire. Tous les \u00e9l\u00e8ves de SVES b\u00e9n\u00e9ficient de l\u2019aide de b\u00e9n\u00e9voles comme vous.<\/p>\n\n\n\n<p>Les b\u00e9n\u00e9voles nous aident \u00e0 rendre possible de nombreux \u00e9v\u00e9nements. Sans notre groupe d\u00e9vou\u00e9 de membres du comit\u00e9 Home &amp; School et les b\u00e9n\u00e9voles de SVES, un grand nombre d\u2019\u00e9v\u00e9nements ne serait pas possible.<\/p>\n\n\n\n<p><a href=\"https:\/\/sveshands.square.site\/\">https:\/\/sveshands.square.site\/<\/a><\/p>\n","protected":false},"excerpt":{"rendered":"<p>Home &amp; School au SVES L\u2019organisation Home &amp; School est un groupe de parents d\u00e9vou\u00e9s qui s\u2019engagent \u00e0 aider et \u00e0 enrichir notre vie scolaire. Tous les \u00e9l\u00e8ves de SVES b\u00e9n\u00e9ficient de l\u2019aide de b\u00e9n\u00e9voles comme vous. Les b\u00e9n\u00e9voles nous aident \u00e0 rendre possible de nombreux \u00e9v\u00e9nements. Sans notre groupe d\u00e9vou\u00e9 de membres du comit\u00e9&hellip;<\/p>\n","protected":false},"author":1,"featured_media":0,"parent":173,"menu_order":0,"comment_status":"closed","ping_status":"closed","template":"","meta":{"_acf_changed":false,"_relevanssi_hide_post":"","_relevanssi_hide_content":"","_relevanssi_pin_for_all":"","_relevanssi_pin_keywords":"","_relevanssi_unpin_keywords":"","_relevanssi_related_keywords":"","_relevanssi_related_include_ids":"","_relevanssi_related_exclude_ids":"","_relevanssi_related_no_append":"","_relevanssi_related_not_related":"","_relevanssi_related_posts":"","_relevanssi_noindex_reason":"","footnotes":""},"acf":[],"_links":{"self":[{"href":"https:\/\/stvincent.swlauriersb.vortexdev.com\/fr\/wp-json\/wp\/v2\/pages\/170"}],"collection":[{"href":"https:\/\/stvincent.swlauriersb.vortexdev.com\/fr\/wp-json\/wp\/v2\/pages"}],"about":[{"href":"https:\/\/stvincent.swlauriersb.vortexdev.com\/fr\/wp-json\/wp\/v2\/types\/page"}],"author":[{"embeddable":true,"href":"https:\/\/stvincent.swlauriersb.vortexdev.com\/fr\/wp-json\/wp\/v2\/users\/1"}],"replies":[{"embeddable":true,"href":"https:\/\/stvincent.swlauriersb.vortexdev.com\/fr\/wp-json\/wp\/v2\/comments?post=170"}],"version-history":[{"count":2,"href":"https:\/\/stvincent.swlauriersb.vortexdev.com\/fr\/wp-json\/wp\/v2\/pages\/170\/revisions"}],"predecessor-version":[{"id":309,"href":"https:\/\/stvincent.swlauriersb.vortexdev.com\/fr\/wp-json\/wp\/v2\/pages\/170\/revisions\/309"}],"up":[{"embeddable":true,"href":"https:\/\/stvincent.swlauriersb.vortexdev.com\/fr\/wp-json\/wp\/v2\/pages\/173"}],"wp:attachment":[{"href":"https:\/\/stvincent.swlauriersb.vortexdev.com\/fr\/wp-json\/wp\/v2\/media?parent=170"}],"curies":[{"name":"wp","href":"https:\/\/api.w.org\/{rel}","templated":true}]}}