{"id":168,"date":"2024-05-08T14:28:15","date_gmt":"2024-05-08T18:28:15","guid":{"rendered":"https:\/\/stvincent.swlauriersb.vortexdev.com\/activities\/"},"modified":"2024-05-30T13:03:32","modified_gmt":"2024-05-30T17:03:32","slug":"activites-et-sports","status":"publish","type":"page","link":"https:\/\/stvincent.swlauriersb.vortexdev.com\/fr\/informations-pour-les-parents\/activites-et-sports\/","title":{"rendered":"Activit\u00e9s et Sports"},"content":{"rendered":"\n<h2 class=\"wp-block-heading\">Activit\u00e9s scolaires<\/h2>\n\n\n\n<ul>\n<li>Activit\u00e9s de l\u2019Halloween<\/li>\n\n\n\n<li>C\u00e9r\u00e9monie du jour du Souvenir<\/li>\n\n\n\n<li>Salon du livre<\/li>\n\n\n\n<li>Jour du carnaval<\/li>\n\n\n\n<li>Journ\u00e9e amusante<\/li>\n\n\n\n<li>Concert de musique<\/li>\n\n\n\n<li>Dormir pour la 2e ann\u00e9e<\/li>\n\n\n\n<li>La course Terry Fox<\/li>\n<\/ul>\n\n\n\n<h2 class=\"wp-block-heading\">Sports<\/h2>\n\n\n\n<ul>\n<li>Programme technique de soccer le lundi<\/li>\n\n\n\n<li>Excursion provinciale de futsal<\/li>\n\n\n\n<li>Jamboree de basketball<\/li>\n\n\n\n<li>Tournoi de basketball<\/li>\n\n\n\n<li>Volleyball<\/li>\n\n\n\n<li>Halo Run<\/li>\n\n\n\n<li>Mini tournoi de soccer<\/li>\n\n\n\n<li>Tournoi de hockey Cosom<\/li>\n\n\n\n<li>Tournoi de hockey<\/li>\n\n\n\n<li>Flag Football<\/li>\n\n\n\n<li>Programme de hockey sur glace<\/li>\n\n\n\n<li>Tournoi de soccer<\/li>\n\n\n\n<li>Participation \u00e0 la course Terry Fox avec l\u2019\u00e9cole primaire Genesis<\/li>\n<\/ul>\n\n\n\n<h2 class=\"wp-block-heading\">Sorties p\u00e9dagogiques\u00a0\u00a0\u00a0\u00a0\u00a0\u00a0\u00a0\u00a0<\/h2>\n\n\n\n<ul>\n<li>Ottawa<\/li>\n\n\n\n<li>Mus\u00e9e Pointe \u00e0 Calli\u00e8res<\/li>\n\n\n\n<li>Centre des sciences de Montr\u00e9al<\/li>\n\n\n\n<li>Activit\u00e9 Intermiel<\/li>\n\n\n\n<li>Qu\u00e9bec<\/li>\n\n\n\n<li>Camp Geronimo<\/li>\n\n\n\n<li>Cueillette de pommes<\/li>\n<\/ul>\n","protected":false},"excerpt":{"rendered":"<p>Activit\u00e9s scolaires Sports Sorties p\u00e9dagogiques\u00a0\u00a0\u00a0\u00a0\u00a0\u00a0\u00a0\u00a0<\/p>\n","protected":false},"author":1,"featured_media":0,"parent":173,"menu_order":0,"comment_status":"closed","ping_status":"closed","template":"","meta":{"_acf_changed":false,"_relevanssi_hide_post":"","_relevanssi_hide_content":"","_relevanssi_pin_for_all":"","_relevanssi_pin_keywords":"","_relevanssi_unpin_keywords":"","_relevanssi_related_keywords":"","_relevanssi_related_include_ids":"","_relevanssi_related_exclude_ids":"","_relevanssi_related_no_append":"","_relevanssi_related_not_related":"","_relevanssi_related_posts":"","_relevanssi_noindex_reason":"","footnotes":""},"acf":[],"_links":{"self":[{"href":"https:\/\/stvincent.swlauriersb.vortexdev.com\/fr\/wp-json\/wp\/v2\/pages\/168"}],"collection":[{"href":"https:\/\/stvincent.swlauriersb.vortexdev.com\/fr\/wp-json\/wp\/v2\/pages"}],"about":[{"href":"https:\/\/stvincent.swlauriersb.vortexdev.com\/fr\/wp-json\/wp\/v2\/types\/page"}],"author":[{"embeddable":true,"href":"https:\/\/stvincent.swlauriersb.vortexdev.com\/fr\/wp-json\/wp\/v2\/users\/1"}],"replies":[{"embeddable":true,"href":"https:\/\/stvincent.swlauriersb.vortexdev.com\/fr\/wp-json\/wp\/v2\/comments?post=168"}],"version-history":[{"count":2,"href":"https:\/\/stvincent.swlauriersb.vortexdev.com\/fr\/wp-json\/wp\/v2\/pages\/168\/revisions"}],"predecessor-version":[{"id":306,"href":"https:\/\/stvincent.swlauriersb.vortexdev.com\/fr\/wp-json\/wp\/v2\/pages\/168\/revisions\/306"}],"up":[{"embeddable":true,"href":"https:\/\/stvincent.swlauriersb.vortexdev.com\/fr\/wp-json\/wp\/v2\/pages\/173"}],"wp:attachment":[{"href":"https:\/\/stvincent.swlauriersb.vortexdev.com\/fr\/wp-json\/wp\/v2\/media?parent=168"}],"curies":[{"name":"wp","href":"https:\/\/api.w.org\/{rel}","templated":true}]}}