{"id":167,"date":"2024-05-08T14:28:33","date_gmt":"2024-05-08T18:28:33","guid":{"rendered":"https:\/\/stvincent.swlauriersb.vortexdev.com\/gb\/"},"modified":"2024-05-30T13:03:41","modified_gmt":"2024-05-30T17:03:41","slug":"conseil-detablissement","status":"publish","type":"page","link":"https:\/\/stvincent.swlauriersb.vortexdev.com\/fr\/informations-pour-les-parents\/conseil-detablissement\/","title":{"rendered":"Conseil d\u2019\u00e9tablissement"},"content":{"rendered":"\n<p>Le conseil d\u2019\u00e9tablissement est un organe d\u00e9cisionnel reconnu par la Loi sur l\u2019\u00e9ducation et le minist\u00e8re de l\u2019\u00c9ducation (MEQ). Le comit\u00e9 est form\u00e9 de parents, d\u2019enseignants et de personnel de soutien. Les membres sont \u00e9lus par leurs pairs lors de l\u2019assembl\u00e9e g\u00e9n\u00e9rale qui a g\u00e9n\u00e9ralement lieu au d\u00e9but de l\u2019ann\u00e9e scolaire. Les parents sont \u00e9lus pour un mandat de deux ans.<\/p>\n","protected":false},"excerpt":{"rendered":"<p>Le conseil d\u2019\u00e9tablissement est un organe d\u00e9cisionnel reconnu par la Loi sur l\u2019\u00e9ducation et le minist\u00e8re de l\u2019\u00c9ducation (MEQ). Le comit\u00e9 est form\u00e9 de parents, d\u2019enseignants et de personnel de soutien. Les membres sont \u00e9lus par leurs pairs lors de l\u2019assembl\u00e9e g\u00e9n\u00e9rale qui a g\u00e9n\u00e9ralement lieu au d\u00e9but de l\u2019ann\u00e9e scolaire. Les parents sont \u00e9lus&hellip;<\/p>\n","protected":false},"author":1,"featured_media":0,"parent":173,"menu_order":0,"comment_status":"closed","ping_status":"closed","template":"","meta":{"_acf_changed":false,"_relevanssi_hide_post":"","_relevanssi_hide_content":"","_relevanssi_pin_for_all":"","_relevanssi_pin_keywords":"","_relevanssi_unpin_keywords":"","_relevanssi_related_keywords":"","_relevanssi_related_include_ids":"","_relevanssi_related_exclude_ids":"","_relevanssi_related_no_append":"","_relevanssi_related_not_related":"","_relevanssi_related_posts":"","_relevanssi_noindex_reason":"","footnotes":""},"acf":[],"_links":{"self":[{"href":"https:\/\/stvincent.swlauriersb.vortexdev.com\/fr\/wp-json\/wp\/v2\/pages\/167"}],"collection":[{"href":"https:\/\/stvincent.swlauriersb.vortexdev.com\/fr\/wp-json\/wp\/v2\/pages"}],"about":[{"href":"https:\/\/stvincent.swlauriersb.vortexdev.com\/fr\/wp-json\/wp\/v2\/types\/page"}],"author":[{"embeddable":true,"href":"https:\/\/stvincent.swlauriersb.vortexdev.com\/fr\/wp-json\/wp\/v2\/users\/1"}],"replies":[{"embeddable":true,"href":"https:\/\/stvincent.swlauriersb.vortexdev.com\/fr\/wp-json\/wp\/v2\/comments?post=167"}],"version-history":[{"count":2,"href":"https:\/\/stvincent.swlauriersb.vortexdev.com\/fr\/wp-json\/wp\/v2\/pages\/167\/revisions"}],"predecessor-version":[{"id":308,"href":"https:\/\/stvincent.swlauriersb.vortexdev.com\/fr\/wp-json\/wp\/v2\/pages\/167\/revisions\/308"}],"up":[{"embeddable":true,"href":"https:\/\/stvincent.swlauriersb.vortexdev.com\/fr\/wp-json\/wp\/v2\/pages\/173"}],"wp:attachment":[{"href":"https:\/\/stvincent.swlauriersb.vortexdev.com\/fr\/wp-json\/wp\/v2\/media?parent=167"}],"curies":[{"name":"wp","href":"https:\/\/api.w.org\/{rel}","templated":true}]}}