{"id":163,"date":"2024-05-08T14:31:16","date_gmt":"2024-05-08T18:31:16","guid":{"rendered":"https:\/\/stvincent.swlauriersb.vortexdev.com\/day-care-services\/"},"modified":"2024-05-30T13:05:49","modified_gmt":"2024-05-30T17:05:49","slug":"services-de-garde","status":"publish","type":"page","link":"https:\/\/stvincent.swlauriersb.vortexdev.com\/fr\/services\/services-de-garde\/","title":{"rendered":"Services de garde"},"content":{"rendered":"\n<h2 class=\"wp-block-heading\">Horaires du service de garde<\/h2>\n\n\n\n<p>Matin | 7 h \u00e0 9 h<\/p>\n\n\n\n<p>Apr\u00e8s-midi | 16 h 05 \u00e0 18 h<\/p>\n\n\n\n<h2 class=\"wp-block-heading\">Horaire des journ\u00e9es p\u00e9dagogiques<\/h2>\n\n\n\n<p>7 h \u00e0 17 h 30<\/p>\n","protected":false},"excerpt":{"rendered":"<p>Horaires du service de garde Matin | 7 h \u00e0 9 h Apr\u00e8s-midi | 16 h 05 \u00e0 18 h Horaire des journ\u00e9es p\u00e9dagogiques 7 h \u00e0 17 h 30<\/p>\n","protected":false},"author":1,"featured_media":0,"parent":164,"menu_order":0,"comment_status":"closed","ping_status":"closed","template":"","meta":{"_acf_changed":false,"_relevanssi_hide_post":"","_relevanssi_hide_content":"","_relevanssi_pin_for_all":"","_relevanssi_pin_keywords":"","_relevanssi_unpin_keywords":"","_relevanssi_related_keywords":"","_relevanssi_related_include_ids":"","_relevanssi_related_exclude_ids":"","_relevanssi_related_no_append":"","_relevanssi_related_not_related":"","_relevanssi_related_posts":"","_relevanssi_noindex_reason":"","footnotes":""},"acf":[],"_links":{"self":[{"href":"https:\/\/stvincent.swlauriersb.vortexdev.com\/fr\/wp-json\/wp\/v2\/pages\/163"}],"collection":[{"href":"https:\/\/stvincent.swlauriersb.vortexdev.com\/fr\/wp-json\/wp\/v2\/pages"}],"about":[{"href":"https:\/\/stvincent.swlauriersb.vortexdev.com\/fr\/wp-json\/wp\/v2\/types\/page"}],"author":[{"embeddable":true,"href":"https:\/\/stvincent.swlauriersb.vortexdev.com\/fr\/wp-json\/wp\/v2\/users\/1"}],"replies":[{"embeddable":true,"href":"https:\/\/stvincent.swlauriersb.vortexdev.com\/fr\/wp-json\/wp\/v2\/comments?post=163"}],"version-history":[{"count":2,"href":"https:\/\/stvincent.swlauriersb.vortexdev.com\/fr\/wp-json\/wp\/v2\/pages\/163\/revisions"}],"predecessor-version":[{"id":317,"href":"https:\/\/stvincent.swlauriersb.vortexdev.com\/fr\/wp-json\/wp\/v2\/pages\/163\/revisions\/317"}],"up":[{"embeddable":true,"href":"https:\/\/stvincent.swlauriersb.vortexdev.com\/fr\/wp-json\/wp\/v2\/pages\/164"}],"wp:attachment":[{"href":"https:\/\/stvincent.swlauriersb.vortexdev.com\/fr\/wp-json\/wp\/v2\/media?parent=163"}],"curies":[{"name":"wp","href":"https:\/\/api.w.org\/{rel}","templated":true}]}}