{"id":161,"date":"2024-05-08T14:32:11","date_gmt":"2024-05-08T18:32:11","guid":{"rendered":"https:\/\/stvincent.swlauriersb.vortexdev.com\/transportation\/"},"modified":"2024-05-30T13:05:55","modified_gmt":"2024-05-30T17:05:55","slug":"transport-scolaire","status":"publish","type":"page","link":"https:\/\/stvincent.swlauriersb.vortexdev.com\/fr\/services\/transport-scolaire\/","title":{"rendered":"Transport scolaire"},"content":{"rendered":"\n<h2 class=\"wp-block-heading\">Itin\u00e9raires des autobus<\/h2>\n\n\n\n<p>Les lignes d\u2019autobus sont disponibles sur le Portail Parents Moza\u00efk. Veuillez v\u00e9rifier les informations de transport de votre enfant 24 \u00e0 48 heures avant le premier jour d\u2019\u00e9cole en cas de changement de derni\u00e8re minute.<\/p>\n\n\n\n<p>Lien vers MozaikPortail\u00a0: <a href=\"https:\/\/portailparents.ca\/accueil\/fr\/\" target=\"_blank\" rel=\"noreferrer noopener\">https:\/\/portailparents.ca\/accueil\/fr\/<\/a><a href=\"https:\/\/portailparents.ca\/accueil\/en\/\"><\/a><\/p>\n\n\n\n<h2 class=\"wp-block-heading\">Retards d\u2019autobus<\/h2>\n\n\n\n<p>Tout au long de l\u2019ann\u00e9e scolaire, nous ferons tout notre possible pour vous informer des retards de bus le matin ou l\u2019apr\u00e8s-midi. Veuillez-vous assurer que vous vous \u00eates inscrits pour recevoir des textos de la commission scolaire pour recevoir des avis sur les autobus en retard.<\/p>\n\n\n\n<p>Pour recevoir des SMS, envoyez un message texto avec la lettre \u00ab\u00a0Y\u00a0\u00bb ou le mot \u00ab\u00a0Oui\u00a0\u00bb au num\u00e9ro de code abr\u00e9g\u00e9 de notre conseil scolaire,<strong> 978338<\/strong>.\u00a0 Vous pouvez \u00e9galement vous d\u00e9sinscrire en tout temps en r\u00e9pondant simplement \u00e0 l\u2019un de nos messages avec \u00ab\u00a0Stop\u00a0\u00bb.\u00a0 Pour en savoir plus\u00a0: <a href=\"https:\/\/www.swlauriersb.qc.ca\/fr\/parents\/emergency-closure\/communication\/\" target=\"_blank\" rel=\"noreferrer noopener\">https:\/\/www.swlauriersb.qc.ca\/fr\/parents\/emergency-closure\/communication\/<\/a><\/p>\n","protected":false},"excerpt":{"rendered":"<p>Itin\u00e9raires des autobus Les lignes d\u2019autobus sont disponibles sur le Portail Parents Moza\u00efk. Veuillez v\u00e9rifier les informations de transport de votre enfant 24 \u00e0 48 heures avant le premier jour d\u2019\u00e9cole en cas de changement de derni\u00e8re minute. Lien vers MozaikPortail\u00a0: https:\/\/portailparents.ca\/accueil\/fr\/ Retards d\u2019autobus Tout au long de l\u2019ann\u00e9e scolaire, nous ferons tout notre possible&hellip;<\/p>\n","protected":false},"author":1,"featured_media":0,"parent":164,"menu_order":0,"comment_status":"closed","ping_status":"closed","template":"","meta":{"_acf_changed":false,"_relevanssi_hide_post":"","_relevanssi_hide_content":"","_relevanssi_pin_for_all":"","_relevanssi_pin_keywords":"","_relevanssi_unpin_keywords":"","_relevanssi_related_keywords":"","_relevanssi_related_include_ids":"","_relevanssi_related_exclude_ids":"","_relevanssi_related_no_append":"","_relevanssi_related_not_related":"","_relevanssi_related_posts":"","_relevanssi_noindex_reason":"","footnotes":""},"acf":[],"_links":{"self":[{"href":"https:\/\/stvincent.swlauriersb.vortexdev.com\/fr\/wp-json\/wp\/v2\/pages\/161"}],"collection":[{"href":"https:\/\/stvincent.swlauriersb.vortexdev.com\/fr\/wp-json\/wp\/v2\/pages"}],"about":[{"href":"https:\/\/stvincent.swlauriersb.vortexdev.com\/fr\/wp-json\/wp\/v2\/types\/page"}],"author":[{"embeddable":true,"href":"https:\/\/stvincent.swlauriersb.vortexdev.com\/fr\/wp-json\/wp\/v2\/users\/1"}],"replies":[{"embeddable":true,"href":"https:\/\/stvincent.swlauriersb.vortexdev.com\/fr\/wp-json\/wp\/v2\/comments?post=161"}],"version-history":[{"count":2,"href":"https:\/\/stvincent.swlauriersb.vortexdev.com\/fr\/wp-json\/wp\/v2\/pages\/161\/revisions"}],"predecessor-version":[{"id":320,"href":"https:\/\/stvincent.swlauriersb.vortexdev.com\/fr\/wp-json\/wp\/v2\/pages\/161\/revisions\/320"}],"up":[{"embeddable":true,"href":"https:\/\/stvincent.swlauriersb.vortexdev.com\/fr\/wp-json\/wp\/v2\/pages\/164"}],"wp:attachment":[{"href":"https:\/\/stvincent.swlauriersb.vortexdev.com\/fr\/wp-json\/wp\/v2\/media?parent=161"}],"curies":[{"name":"wp","href":"https:\/\/api.w.org\/{rel}","templated":true}]}}